{"id":243,"date":"2025-07-02T21:17:32","date_gmt":"2025-07-02T19:17:32","guid":{"rendered":"http:\/\/localhost\/proyecto_n\/wordpress\/?page_id=243"},"modified":"2025-09-16T17:14:28","modified_gmt":"2025-09-16T21:14:28","slug":"resena-historica","status":"publish","type":"page","link":"https:\/\/diprevcon.mingobierno.gob.bo\/?page_id=243","title":{"rendered":"Rese\u00f1a Hist\u00f3rica"},"content":{"rendered":"\n<div style=\"color: #34495e; font-size: 17px; text-align: justify; line-height: 1.6; font-family: inherit;\">\nLa creaci\u00f3n de La Direcci\u00f3n de Apoyo a la Prevenci\u00f3n del Consumo de Drogas, Control del Tr\u00e1fico Il\u00edcito de Sustancias Controladas y Coca Excedentaria\u00a0 &#8211; DIPREVCON representa un hito hist\u00f3rico en la lucha contra el narcotr\u00e1fico y la prevenci\u00f3n del consumo de drogas en Bolivia.\n\u00a0Su origen se dio gracias a la modificaci\u00f3n de la Ley N\u00b0 913 emitida el 16 de marzo de 2017, de Lucha Contra el Tr\u00e1fico Il\u00edcito de Sustancias Controladas, el cambio se realiz\u00f3 el 06 de enero de 2021 con la Ley No. 1358 dando paso al funcionamiento de esta nueva direcci\u00f3n.\n<br><br>\nSurgi\u00f3 de la fusi\u00f3n de dos instituciones clave, la Secretar\u00eda de Coordinaci\u00f3n del Consejo Nacional de Lucha contra el Tr\u00e1fico Il\u00edcito de Drogas (Conaltid) y la Unidad Ejecutora de Lucha Integral Contra el Narcotr\u00e1fico (UELICN).\n<br><br>\nEl respaldo un\u00e1nime en la C\u00e1mara de Diputados en 2020 reflej\u00f3 un compromiso pol\u00edtico s\u00f3lido con la lucha contra el narcotr\u00e1fico, adem\u00e1s de generar un ahorro significativo al Estado.\n<br><br>\nDesde el 21 de enero de 2021 La DIPREVCON colabora estrechamente con cinco fuerzas: FELCN, Fuerza de Tarea A\u00e9rea Diablos Rojos, Fuerza de Tarea A\u00e9rea Diablos Verdes, Fuerza de Tarea Policial Diablos Azules y el Componente Policial \u2013 Fuerza de Tarea Conjunta, trabajando unidas en la prevenci\u00f3n del consumo de drogas y coca excedentaria.\n<br><br>\nCon un enfoque preventivo y proactivo, la estructura \u00e1gil y renovada de la instituci\u00f3n la sit\u00faa como un actor clave en la implementaci\u00f3n de pol\u00edticas propias y efectivas para la lucha contra el narcotr\u00e1fico y as\u00ed prevenir el consumo y bajar los \u00edndices de internaci\u00f3n y producci\u00f3n de sustancias controladas, en toda Bolivia.\n<\/div>\n\n\n\n<div class=\"su-image-carousel  su-image-carousel-has-spacing su-image-carousel-crop su-image-carousel-crop-3-2 su-image-carousel-has-outline su-image-carousel-adaptive su-image-carousel-slides-style-default su-image-carousel-controls-style-dark su-image-carousel-align-none\" style=\"\" data-flickity-options='{\"groupCells\":true,\"cellSelector\":\".su-image-carousel-item\",\"adaptiveHeight\":false,\"cellAlign\":\"left\",\"prevNextButtons\":true,\"pageDots\":false,\"autoPlay\":3000,\"imagesLoaded\":true,\"contain\":true,\"selectedAttraction\":0.025,\"friction\":0.28}' id=\"su_image_carousel_69eb7a142f91a\"><div class=\"su-image-carousel-item\"><div class=\"su-image-carousel-item-content\"><img loading=\"lazy\" decoding=\"async\" width=\"1024\" height=\"726\" src=\"https:\/\/diprevcon.mingobierno.gob.bo\/wp-content\/uploads\/2025\/09\/resena_01-1024x726.jpg\" class=\"\" alt=\"\" srcset=\"https:\/\/diprevcon.mingobierno.gob.bo\/wp-content\/uploads\/2025\/09\/resena_01-1024x726.jpg 1024w, https:\/\/diprevcon.mingobierno.gob.bo\/wp-content\/uploads\/2025\/09\/resena_01-300x213.jpg 300w, https:\/\/diprevcon.mingobierno.gob.bo\/wp-content\/uploads\/2025\/09\/resena_01-768x545.jpg 768w, https:\/\/diprevcon.mingobierno.gob.bo\/wp-content\/uploads\/2025\/09\/resena_01.jpg 1280w\" sizes=\"auto, (max-width: 1024px) 100vw, 1024px\" \/><\/div><\/div><div class=\"su-image-carousel-item\"><div class=\"su-image-carousel-item-content\"><img loading=\"lazy\" decoding=\"async\" width=\"1024\" height=\"613\" src=\"https:\/\/diprevcon.mingobierno.gob.bo\/wp-content\/uploads\/2025\/09\/resena_03-1024x613.jpg\" class=\"\" alt=\"\" srcset=\"https:\/\/diprevcon.mingobierno.gob.bo\/wp-content\/uploads\/2025\/09\/resena_03-1024x613.jpg 1024w, https:\/\/diprevcon.mingobierno.gob.bo\/wp-content\/uploads\/2025\/09\/resena_03-300x180.jpg 300w, https:\/\/diprevcon.mingobierno.gob.bo\/wp-content\/uploads\/2025\/09\/resena_03-768x460.jpg 768w, https:\/\/diprevcon.mingobierno.gob.bo\/wp-content\/uploads\/2025\/09\/resena_03.jpg 1280w\" sizes=\"auto, (max-width: 1024px) 100vw, 1024px\" \/><\/div><\/div><div class=\"su-image-carousel-item\"><div class=\"su-image-carousel-item-content\"><img loading=\"lazy\" decoding=\"async\" width=\"1024\" height=\"768\" src=\"https:\/\/diprevcon.mingobierno.gob.bo\/wp-content\/uploads\/2025\/09\/resena_05-1024x768.jpg\" class=\"\" alt=\"\" srcset=\"https:\/\/diprevcon.mingobierno.gob.bo\/wp-content\/uploads\/2025\/09\/resena_05-1024x768.jpg 1024w, https:\/\/diprevcon.mingobierno.gob.bo\/wp-content\/uploads\/2025\/09\/resena_05-300x225.jpg 300w, https:\/\/diprevcon.mingobierno.gob.bo\/wp-content\/uploads\/2025\/09\/resena_05-768x576.jpg 768w, https:\/\/diprevcon.mingobierno.gob.bo\/wp-content\/uploads\/2025\/09\/resena_05.jpg 1280w\" sizes=\"auto, (max-width: 1024px) 100vw, 1024px\" \/><\/div><\/div><div class=\"su-image-carousel-item\"><div class=\"su-image-carousel-item-content\"><img loading=\"lazy\" decoding=\"async\" width=\"1024\" height=\"768\" src=\"https:\/\/diprevcon.mingobierno.gob.bo\/wp-content\/uploads\/2025\/09\/resena_08-1024x768.jpg\" class=\"\" alt=\"\" srcset=\"https:\/\/diprevcon.mingobierno.gob.bo\/wp-content\/uploads\/2025\/09\/resena_08-1024x768.jpg 1024w, https:\/\/diprevcon.mingobierno.gob.bo\/wp-content\/uploads\/2025\/09\/resena_08-300x225.jpg 300w, https:\/\/diprevcon.mingobierno.gob.bo\/wp-content\/uploads\/2025\/09\/resena_08-768x576.jpg 768w, https:\/\/diprevcon.mingobierno.gob.bo\/wp-content\/uploads\/2025\/09\/resena_08.jpg 1133w\" sizes=\"auto, (max-width: 1024px) 100vw, 1024px\" \/><\/div><\/div><div class=\"su-image-carousel-item\"><div class=\"su-image-carousel-item-content\"><img loading=\"lazy\" decoding=\"async\" width=\"1024\" height=\"734\" src=\"https:\/\/diprevcon.mingobierno.gob.bo\/wp-content\/uploads\/2025\/09\/resena_09-1024x734.jpg\" class=\"\" alt=\"\" srcset=\"https:\/\/diprevcon.mingobierno.gob.bo\/wp-content\/uploads\/2025\/09\/resena_09-1024x734.jpg 1024w, https:\/\/diprevcon.mingobierno.gob.bo\/wp-content\/uploads\/2025\/09\/resena_09-300x215.jpg 300w, https:\/\/diprevcon.mingobierno.gob.bo\/wp-content\/uploads\/2025\/09\/resena_09-768x551.jpg 768w, https:\/\/diprevcon.mingobierno.gob.bo\/wp-content\/uploads\/2025\/09\/resena_09.jpg 1280w\" sizes=\"auto, (max-width: 1024px) 100vw, 1024px\" \/><\/div><\/div><div class=\"su-image-carousel-item\"><div class=\"su-image-carousel-item-content\"><img loading=\"lazy\" decoding=\"async\" width=\"1024\" height=\"768\" src=\"https:\/\/diprevcon.mingobierno.gob.bo\/wp-content\/uploads\/2025\/09\/resena_10-1024x768.jpg\" class=\"\" alt=\"\" srcset=\"https:\/\/diprevcon.mingobierno.gob.bo\/wp-content\/uploads\/2025\/09\/resena_10-1024x768.jpg 1024w, https:\/\/diprevcon.mingobierno.gob.bo\/wp-content\/uploads\/2025\/09\/resena_10-300x225.jpg 300w, https:\/\/diprevcon.mingobierno.gob.bo\/wp-content\/uploads\/2025\/09\/resena_10-768x576.jpg 768w, https:\/\/diprevcon.mingobierno.gob.bo\/wp-content\/uploads\/2025\/09\/resena_10.jpg 1280w\" sizes=\"auto, (max-width: 1024px) 100vw, 1024px\" \/><\/div><\/div><div class=\"su-image-carousel-item\"><div class=\"su-image-carousel-item-content\"><img loading=\"lazy\" decoding=\"async\" width=\"1024\" height=\"683\" src=\"https:\/\/diprevcon.mingobierno.gob.bo\/wp-content\/uploads\/2025\/09\/resena_11-1024x683.jpg\" class=\"\" alt=\"\" srcset=\"https:\/\/diprevcon.mingobierno.gob.bo\/wp-content\/uploads\/2025\/09\/resena_11-1024x683.jpg 1024w, https:\/\/diprevcon.mingobierno.gob.bo\/wp-content\/uploads\/2025\/09\/resena_11-300x200.jpg 300w, https:\/\/diprevcon.mingobierno.gob.bo\/wp-content\/uploads\/2025\/09\/resena_11-768x512.jpg 768w, https:\/\/diprevcon.mingobierno.gob.bo\/wp-content\/uploads\/2025\/09\/resena_11-1536x1024.jpg 1536w, https:\/\/diprevcon.mingobierno.gob.bo\/wp-content\/uploads\/2025\/09\/resena_11.jpg 1620w\" sizes=\"auto, (max-width: 1024px) 100vw, 1024px\" \/><\/div><\/div><div class=\"su-image-carousel-item\"><div class=\"su-image-carousel-item-content\"><img loading=\"lazy\" decoding=\"async\" width=\"1024\" height=\"683\" src=\"https:\/\/diprevcon.mingobierno.gob.bo\/wp-content\/uploads\/2025\/09\/resena_13-1024x683.jpg\" class=\"\" alt=\"\" srcset=\"https:\/\/diprevcon.mingobierno.gob.bo\/wp-content\/uploads\/2025\/09\/resena_13-1024x683.jpg 1024w, https:\/\/diprevcon.mingobierno.gob.bo\/wp-content\/uploads\/2025\/09\/resena_13-300x200.jpg 300w, https:\/\/diprevcon.mingobierno.gob.bo\/wp-content\/uploads\/2025\/09\/resena_13-768x512.jpg 768w, https:\/\/diprevcon.mingobierno.gob.bo\/wp-content\/uploads\/2025\/09\/resena_13-1536x1024.jpg 1536w, https:\/\/diprevcon.mingobierno.gob.bo\/wp-content\/uploads\/2025\/09\/resena_13.jpg 1599w\" sizes=\"auto, (max-width: 1024px) 100vw, 1024px\" \/><\/div><\/div><div class=\"su-image-carousel-item\"><div class=\"su-image-carousel-item-content\"><img loading=\"lazy\" decoding=\"async\" width=\"1024\" height=\"683\" src=\"https:\/\/diprevcon.mingobierno.gob.bo\/wp-content\/uploads\/2025\/09\/resena_14-1024x683.jpg\" class=\"\" alt=\"\" srcset=\"https:\/\/diprevcon.mingobierno.gob.bo\/wp-content\/uploads\/2025\/09\/resena_14-1024x683.jpg 1024w, https:\/\/diprevcon.mingobierno.gob.bo\/wp-content\/uploads\/2025\/09\/resena_14-300x200.jpg 300w, https:\/\/diprevcon.mingobierno.gob.bo\/wp-content\/uploads\/2025\/09\/resena_14-768x512.jpg 768w, https:\/\/diprevcon.mingobierno.gob.bo\/wp-content\/uploads\/2025\/09\/resena_14-1536x1025.jpg 1536w, https:\/\/diprevcon.mingobierno.gob.bo\/wp-content\/uploads\/2025\/09\/resena_14-2048x1367.jpg 2048w\" sizes=\"auto, (max-width: 1024px) 100vw, 1024px\" \/><\/div><\/div><div class=\"su-image-carousel-item\"><div class=\"su-image-carousel-item-content\"><img loading=\"lazy\" decoding=\"async\" width=\"1024\" height=\"683\" src=\"https:\/\/diprevcon.mingobierno.gob.bo\/wp-content\/uploads\/2025\/09\/resena_15-1024x683.jpg\" class=\"\" alt=\"\" srcset=\"https:\/\/diprevcon.mingobierno.gob.bo\/wp-content\/uploads\/2025\/09\/resena_15-1024x683.jpg 1024w, https:\/\/diprevcon.mingobierno.gob.bo\/wp-content\/uploads\/2025\/09\/resena_15-300x200.jpg 300w, https:\/\/diprevcon.mingobierno.gob.bo\/wp-content\/uploads\/2025\/09\/resena_15-768x512.jpg 768w, https:\/\/diprevcon.mingobierno.gob.bo\/wp-content\/uploads\/2025\/09\/resena_15-1536x1025.jpg 1536w, https:\/\/diprevcon.mingobierno.gob.bo\/wp-content\/uploads\/2025\/09\/resena_15-2048x1366.jpg 2048w\" sizes=\"auto, (max-width: 1024px) 100vw, 1024px\" \/><\/div><\/div><\/div><script id=\"su_image_carousel_69eb7a142f91a_script\">if(window.SUImageCarousel){setTimeout(function() {window.SUImageCarousel.initGallery(document.getElementById(\"su_image_carousel_69eb7a142f91a\"))}, 0);}var su_image_carousel_69eb7a142f91a_script=document.getElementById(\"su_image_carousel_69eb7a142f91a_script\");if(su_image_carousel_69eb7a142f91a_script){su_image_carousel_69eb7a142f91a_script.parentNode.removeChild(su_image_carousel_69eb7a142f91a_script);}<\/script>\n","protected":false},"excerpt":{"rendered":"<p>La creaci\u00f3n de La Direcci\u00f3n de Apoyo a la Prevenci\u00f3n del Consumo de Drogas, Control del Tr\u00e1fico Il\u00edcito de Sustancias Controladas y Coca Excedentaria\u00a0 &#8211; DIPREVCON representa un hito hist\u00f3rico en la lucha contra el narcotr\u00e1fico y la prevenci\u00f3n del consumo de drogas en Bolivia. \u00a0Su origen se dio gracias a la modificaci\u00f3n de la [&hellip;]<\/p>\n","protected":false},"author":1,"featured_media":0,"parent":0,"menu_order":0,"comment_status":"closed","ping_status":"closed","template":"","meta":{"_acf_changed":false,"footnotes":""},"class_list":["post-243","page","type-page","status-publish","hentry"],"acf":[],"_links":{"self":[{"href":"https:\/\/diprevcon.mingobierno.gob.bo\/index.php?rest_route=\/wp\/v2\/pages\/243","targetHints":{"allow":["GET"]}}],"collection":[{"href":"https:\/\/diprevcon.mingobierno.gob.bo\/index.php?rest_route=\/wp\/v2\/pages"}],"about":[{"href":"https:\/\/diprevcon.mingobierno.gob.bo\/index.php?rest_route=\/wp\/v2\/types\/page"}],"author":[{"embeddable":true,"href":"https:\/\/diprevcon.mingobierno.gob.bo\/index.php?rest_route=\/wp\/v2\/users\/1"}],"replies":[{"embeddable":true,"href":"https:\/\/diprevcon.mingobierno.gob.bo\/index.php?rest_route=%2Fwp%2Fv2%2Fcomments&post=243"}],"version-history":[{"count":44,"href":"https:\/\/diprevcon.mingobierno.gob.bo\/index.php?rest_route=\/wp\/v2\/pages\/243\/revisions"}],"predecessor-version":[{"id":1790,"href":"https:\/\/diprevcon.mingobierno.gob.bo\/index.php?rest_route=\/wp\/v2\/pages\/243\/revisions\/1790"}],"wp:attachment":[{"href":"https:\/\/diprevcon.mingobierno.gob.bo\/index.php?rest_route=%2Fwp%2Fv2%2Fmedia&parent=243"}],"curies":[{"name":"wp","href":"https:\/\/api.w.org\/{rel}","templated":true}]}}