{"id":41,"date":"2025-06-27T17:47:00","date_gmt":"2025-06-27T15:47:00","guid":{"rendered":"http:\/\/localhost\/proyecto_n\/wordpress\/?page_id=41"},"modified":"2025-09-18T15:52:55","modified_gmt":"2025-09-18T19:52:55","slug":"41-2","status":"publish","type":"page","link":"https:\/\/diprevcon.mingobierno.gob.bo\/?page_id=41","title":{"rendered":"Objetivos Institucionales"},"content":{"rendered":"\n<div style=\"color: #34495e; font-size: 16px; text-align: justify; line-height: 1.6; font-family: inherit;\">\n  <ul style=\"padding-left: 20px; list-style-type: disc;\">\n    <li>\n      Administrar y transferir recursos para la prevenci\u00f3n integral del consumo, tratamiento, rehabilitaci\u00f3n y reintegraci\u00f3n de personas afectadas, as\u00ed como el control del tr\u00e1fico il\u00edcito de sustancias controladas y cultivos excedentarios de coca, en el corto y mediano plazo.\n    <\/li>\n    <li>\n      Brindar apoyo log\u00edstico para implementar pol\u00edticas aprobadas por el CPI.\n    <\/li>\n    <li>\n      Contratar bienes y servicios para ejecutar pol\u00edticas de prevenci\u00f3n integral del consumo, tratamiento, rehabilitaci\u00f3n y reintegraci\u00f3n de personas afectadas, y control del tr\u00e1fico il\u00edcito de sustancias controladas y cultivos excedentarios de coca.\n    <\/li>\n    <li>\n      Administrar recursos destinados al reconocimiento econ\u00f3mico mensual seg\u00fan el Decreto Supremo N\u00ba 0282 de 2 de septiembre de 2009.\n    <\/li>\n    <li>\n      Cubrir costos de capacitaci\u00f3n y entrenamiento en tareas t\u00e9cnicas y operativas especializadas para quienes ejecuten pol\u00edticas, planes, programas y proyectos en el marco de la Estrategia Integral Antidrogas del Estado Plurinacional de Bolivia.\n    <\/li>\n  <\/ul>\n<\/div>\n\n\n\n\n<div style=\"height:30px\" aria-hidden=\"true\" class=\"wp-block-spacer\"><\/div>\n\n\n\n<div style=\"position: relative; width: 100%; padding-bottom: 56.25%; height: 0; overflow: hidden;\">\n  <iframe \n    src=\"https:\/\/www.facebook.com\/plugins\/video.php?href=https%3A%2F%2Fwww.facebook.com%2FDiprevcon%2Fvideos%2F582909284651489%2F&#038;show_text=false&#038;t=0\" \n    style=\"position: absolute; top: 0; left: 0; width: 100%; height: 100%; border: none; overflow: hidden;\" \n    scrolling=\"no\" \n    frameborder=\"0\" \n    allowfullscreen=\"true\" \n    allow=\"autoplay; clipboard-write; encrypted-media; picture-in-picture; web-share\">\n  <\/iframe>\n<\/div>\n","protected":false},"excerpt":{"rendered":"<p>Administrar y transferir recursos para la prevenci\u00f3n integral del consumo, tratamiento, rehabilitaci\u00f3n y reintegraci\u00f3n de personas afectadas, as\u00ed como el control del tr\u00e1fico il\u00edcito de sustancias controladas y cultivos excedentarios de coca, en el corto y mediano plazo. Brindar apoyo log\u00edstico para implementar pol\u00edticas aprobadas por el CPI. Contratar bienes y servicios para ejecutar pol\u00edticas [&hellip;]<\/p>\n","protected":false},"author":8,"featured_media":0,"parent":0,"menu_order":0,"comment_status":"closed","ping_status":"closed","template":"","meta":{"_acf_changed":false,"footnotes":""},"class_list":["post-41","page","type-page","status-publish","hentry"],"acf":[],"_links":{"self":[{"href":"https:\/\/diprevcon.mingobierno.gob.bo\/index.php?rest_route=\/wp\/v2\/pages\/41","targetHints":{"allow":["GET"]}}],"collection":[{"href":"https:\/\/diprevcon.mingobierno.gob.bo\/index.php?rest_route=\/wp\/v2\/pages"}],"about":[{"href":"https:\/\/diprevcon.mingobierno.gob.bo\/index.php?rest_route=\/wp\/v2\/types\/page"}],"author":[{"embeddable":true,"href":"https:\/\/diprevcon.mingobierno.gob.bo\/index.php?rest_route=\/wp\/v2\/users\/8"}],"replies":[{"embeddable":true,"href":"https:\/\/diprevcon.mingobierno.gob.bo\/index.php?rest_route=%2Fwp%2Fv2%2Fcomments&post=41"}],"version-history":[{"count":52,"href":"https:\/\/diprevcon.mingobierno.gob.bo\/index.php?rest_route=\/wp\/v2\/pages\/41\/revisions"}],"predecessor-version":[{"id":1764,"href":"https:\/\/diprevcon.mingobierno.gob.bo\/index.php?rest_route=\/wp\/v2\/pages\/41\/revisions\/1764"}],"wp:attachment":[{"href":"https:\/\/diprevcon.mingobierno.gob.bo\/index.php?rest_route=%2Fwp%2Fv2%2Fmedia&parent=41"}],"curies":[{"name":"wp","href":"https:\/\/api.w.org\/{rel}","templated":true}]}}